{"id":76,"date":"2024-03-22T06:59:01","date_gmt":"2024-03-22T06:59:01","guid":{"rendered":"https:\/\/ijegyzokonyv.hu\/?page_id=76"},"modified":"2024-05-02T08:41:04","modified_gmt":"2024-05-02T08:41:04","slug":"partnerek","status":"publish","type":"page","link":"https:\/\/ijegyzokonyv.hu\/zh\/partnerek\/","title":{"rendered":"\u5408\u4f5c\u4f19\u4f34"},"content":{"rendered":"<div data-elementor-type=\"wp-page\" data-elementor-id=\"76\" class=\"elementor elementor-76\" data-elementor-post-type=\"page\">\n\t\t\t\t<div class=\"elementor-element elementor-element-24974a1 e-flex e-con-boxed e-con e-parent\" data-id=\"24974a1\" data-element_type=\"container\">\n\t\t\t\t\t<div class=\"e-con-inner\">\n\t\t\t\t<div class=\"elementor-element elementor-element-fb40849 elementor-widget elementor-widget-image\" data-id=\"fb40849\" data-element_type=\"widget\" data-widget_type=\"image.default\">\n\t\t\t\t<div class=\"elementor-widget-container\">\n\t\t\t\t\t\t\t\t\t\t\t\t\t\t\t<img fetchpriority=\"high\" decoding=\"async\" width=\"1024\" height=\"576\" src=\"https:\/\/ijegyzokonyv.hu\/wp-content\/uploads\/2024\/04\/Legfontosabb-egyuttmukodotamogatomedia-partnereink-1024x576.png\" class=\"attachment-large size-large wp-image-292\" alt=\"\" srcset=\"https:\/\/ijegyzokonyv.hu\/wp-content\/uploads\/2024\/04\/Legfontosabb-egyuttmukodotamogatomedia-partnereink-1024x576.png 1024w, https:\/\/ijegyzokonyv.hu\/wp-content\/uploads\/2024\/04\/Legfontosabb-egyuttmukodotamogatomedia-partnereink-300x169.png 300w, https:\/\/ijegyzokonyv.hu\/wp-content\/uploads\/2024\/04\/Legfontosabb-egyuttmukodotamogatomedia-partnereink-768x432.png 768w, https:\/\/ijegyzokonyv.hu\/wp-content\/uploads\/2024\/04\/Legfontosabb-egyuttmukodotamogatomedia-partnereink-1536x864.png 1536w, https:\/\/ijegyzokonyv.hu\/wp-content\/uploads\/2024\/04\/Legfontosabb-egyuttmukodotamogatomedia-partnereink.png 1920w\" sizes=\"(max-width: 1024px) 100vw, 1024px\" \/>\t\t\t\t\t\t\t\t\t\t\t\t\t\t\t<\/div>\n\t\t\t\t<\/div>\n\t\t\t\t\t<\/div>\n\t\t\t\t<\/div>\n\t\t<div class=\"elementor-element elementor-element-dc1d240 e-flex e-con-boxed e-con e-parent\" data-id=\"dc1d240\" data-element_type=\"container\">\n\t\t\t\t\t<div class=\"e-con-inner\">\n\t\t\t\t<div class=\"elementor-element elementor-element-5227b87 elementor-widget elementor-widget-image\" data-id=\"5227b87\" data-element_type=\"widget\" data-widget_type=\"image.default\">\n\t\t\t\t<div class=\"elementor-widget-container\">\n\t\t\t\t\t\t\t\t\t\t\t\t\t\t\t<img decoding=\"async\" width=\"1024\" height=\"576\" src=\"https:\/\/ijegyzokonyv.hu\/wp-content\/uploads\/2024\/04\/Legfontosabb-egyuttmukodotamogatomedia-partnereink-nevek1-1024x576.png\" class=\"attachment-large size-large wp-image-296\" alt=\"\" srcset=\"https:\/\/ijegyzokonyv.hu\/wp-content\/uploads\/2024\/04\/Legfontosabb-egyuttmukodotamogatomedia-partnereink-nevek1-1024x576.png 1024w, https:\/\/ijegyzokonyv.hu\/wp-content\/uploads\/2024\/04\/Legfontosabb-egyuttmukodotamogatomedia-partnereink-nevek1-300x169.png 300w, https:\/\/ijegyzokonyv.hu\/wp-content\/uploads\/2024\/04\/Legfontosabb-egyuttmukodotamogatomedia-partnereink-nevek1-768x432.png 768w, https:\/\/ijegyzokonyv.hu\/wp-content\/uploads\/2024\/04\/Legfontosabb-egyuttmukodotamogatomedia-partnereink-nevek1-1536x864.png 1536w, https:\/\/ijegyzokonyv.hu\/wp-content\/uploads\/2024\/04\/Legfontosabb-egyuttmukodotamogatomedia-partnereink-nevek1.png 1920w\" sizes=\"(max-width: 1024px) 100vw, 1024px\" \/>\t\t\t\t\t\t\t\t\t\t\t\t\t\t\t<\/div>\n\t\t\t\t<\/div>\n\t\t\t\t\t<\/div>\n\t\t\t\t<\/div>\n\t\t<div class=\"elementor-element elementor-element-3a7ed7a e-flex e-con-boxed e-con e-parent\" data-id=\"3a7ed7a\" data-element_type=\"container\">\n\t\t\t\t\t<div class=\"e-con-inner\">\n\t\t\t\t\t<\/div>\n\t\t\t\t<\/div>\n\t\t<div class=\"elementor-element elementor-element-211c335 e-con-full e-flex e-con e-parent\" data-id=\"211c335\" data-element_type=\"container\" data-settings=\"{&quot;background_background&quot;:&quot;classic&quot;}\">\n\t\t<div class=\"elementor-element elementor-element-5b21bb42 e-con-full e-flex e-con e-child\" data-id=\"5b21bb42\" data-element_type=\"container\">\n\t\t\t\t<div class=\"elementor-element elementor-element-61f270d elementor-position-top elementor-widget elementor-widget-image-box\" data-id=\"61f270d\" data-element_type=\"widget\" data-widget_type=\"image-box.default\">\n\t\t\t\t<div class=\"elementor-widget-container\">\n\t\t\t\t\t<div class=\"elementor-image-box-wrapper\"><figure class=\"elementor-image-box-img\"><img decoding=\"async\" width=\"512\" height=\"341\" src=\"https:\/\/ijegyzokonyv.hu\/wp-content\/uploads\/2024\/03\/cropped-transparent-mkbt.png\" class=\"attachment-full size-full wp-image-49\" alt=\"\" srcset=\"https:\/\/ijegyzokonyv.hu\/wp-content\/uploads\/2024\/03\/cropped-transparent-mkbt.png 512w, https:\/\/ijegyzokonyv.hu\/wp-content\/uploads\/2024\/03\/cropped-transparent-mkbt-300x200.png 300w, https:\/\/ijegyzokonyv.hu\/wp-content\/uploads\/2024\/03\/cropped-transparent-mkbt-360x240.png 360w\" sizes=\"(max-width: 512px) 100vw, 512px\" \/><\/figure><div class=\"elementor-image-box-content\"><p class=\"elementor-image-box-description\">\u5308\u4e2d\u53cb\u597d\u534f\u4f1a\u7a0e\u53f7\uff1a19718949-1-42<\/p><\/div><\/div>\t\t\t\t<\/div>\n\t\t\t\t<\/div>\n\t\t\t\t<div class=\"elementor-element elementor-element-13162e67 e-grid-align-left elementor-shape-rounded elementor-grid-0 elementor-widget elementor-widget-social-icons\" data-id=\"13162e67\" data-element_type=\"widget\" data-widget_type=\"social-icons.default\">\n\t\t\t\t<div class=\"elementor-widget-container\">\n\t\t\t\t\t\t\t<div class=\"elementor-social-icons-wrapper elementor-grid\" role=\"list\">\n\t\t\t\t\t\t\t<span class=\"elementor-grid-item\" role=\"listitem\">\n\t\t\t\t\t<a class=\"elementor-icon elementor-social-icon elementor-social-icon-facebook-f elementor-repeater-item-3f1b7ac\" href=\"https:\/\/www.facebook.com\/profile.php?id=100064333316242\" target=\"_blank\">\n\t\t\t\t\t\t<span class=\"elementor-screen-only\">Facebook-f<\/span>\n\t\t\t\t\t\t<svg class=\"e-font-icon-svg e-fab-facebook-f\" viewbox=\"0 0 320 512\" xmlns=\"http:\/\/www.w3.org\/2000\/svg\"><path d=\"M279.14 288l14.22-92.66h-88.91v-60.13c0-25.35 12.42-50.06 52.24-50.06h40.42V6.26S260.43 0 225.36 0c-73.22 0-121.08 44.38-121.08 124.72v70.62H22.89V288h81.39v224h100.17V288z\"><\/path><\/svg>\t\t\t\t\t<\/a>\n\t\t\t\t<\/span>\n\t\t\t\t\t\t\t<span class=\"elementor-grid-item\" role=\"listitem\">\n\t\t\t\t\t<a class=\"elementor-icon elementor-social-icon elementor-social-icon-instagram elementor-repeater-item-5c0ce3c\" href=\"https:\/\/www.instagram.com\/magyar_kinai_barati_tarsasag?fbclid=IwAR3r5aWJcnrYRETgEhRFbZMxYom0TxB4A6ZDhlAK75hPveAKRyfoQG-xB2w\" target=\"_blank\">\n\t\t\t\t\t\t<span class=\"elementor-screen-only\">Instagram<\/span>\n\t\t\t\t\t\t<svg class=\"e-font-icon-svg e-fab-instagram\" viewbox=\"0 0 448 512\" xmlns=\"http:\/\/www.w3.org\/2000\/svg\"><path d=\"M224.1 141c-63.6 0-114.9 51.3-114.9 114.9s51.3 114.9 114.9 114.9S339 319.5 339 255.9 287.7 141 224.1 141zm0 189.6c-41.1 0-74.7-33.5-74.7-74.7s33.5-74.7 74.7-74.7 74.7 33.5 74.7 74.7-33.6 74.7-74.7 74.7zm146.4-194.3c0 14.9-12 26.8-26.8 26.8-14.9 0-26.8-12-26.8-26.8s12-26.8 26.8-26.8 26.8 12 26.8 26.8zm76.1 27.2c-1.7-35.9-9.9-67.7-36.2-93.9-26.2-26.2-58-34.4-93.9-36.2-37-2.1-147.9-2.1-184.9 0-35.8 1.7-67.6 9.9-93.9 36.1s-34.4 58-36.2 93.9c-2.1 37-2.1 147.9 0 184.9 1.7 35.9 9.9 67.7 36.2 93.9s58 34.4 93.9 36.2c37 2.1 147.9 2.1 184.9 0 35.9-1.7 67.7-9.9 93.9-36.2 26.2-26.2 34.4-58 36.2-93.9 2.1-37 2.1-147.8 0-184.8zM398.8 388c-7.8 19.6-22.9 34.7-42.6 42.6-29.5 11.7-99.5 9-132.1 9s-102.7 2.6-132.1-9c-19.6-7.8-34.7-22.9-42.6-42.6-11.7-29.5-9-99.5-9-132.1s-2.6-102.7 9-132.1c7.8-19.6 22.9-34.7 42.6-42.6 29.5-11.7 99.5-9 132.1-9s102.7-2.6 132.1 9c19.6 7.8 34.7 22.9 42.6 42.6 11.7 29.5 9 99.5 9 132.1s2.7 102.7-9 132.1z\"><\/path><\/svg>\t\t\t\t\t<\/a>\n\t\t\t\t<\/span>\n\t\t\t\t\t\t\t<span class=\"elementor-grid-item\" role=\"listitem\">\n\t\t\t\t\t<a class=\"elementor-icon elementor-social-icon elementor-social-icon-youtube elementor-repeater-item-828f132\" href=\"https:\/\/www.youtube.com\/@magyar-kinaibaratitarsasag9424\" target=\"_blank\">\n\t\t\t\t\t\t<span class=\"elementor-screen-only\">Youtube<\/span>\n\t\t\t\t\t\t<svg class=\"e-font-icon-svg e-fab-youtube\" viewbox=\"0 0 576 512\" xmlns=\"http:\/\/www.w3.org\/2000\/svg\"><path d=\"M549.655 124.083c-6.281-23.65-24.787-42.276-48.284-48.597C458.781 64 288 64 288 64S117.22 64 74.629 75.486c-23.497 6.322-42.003 24.947-48.284 48.597-11.412 42.867-11.412 132.305-11.412 132.305s0 89.438 11.412 132.305c6.281 23.65 24.787 41.5 48.284 47.821C117.22 448 288 448 288 448s170.78 0 213.371-11.486c23.497-6.321 42.003-24.171 48.284-47.821 11.412-42.867 11.412-132.305 11.412-132.305s0-89.438-11.412-132.305zm-317.51 213.508V175.185l142.739 81.205-142.739 81.201z\"><\/path><\/svg>\t\t\t\t\t<\/a>\n\t\t\t\t<\/span>\n\t\t\t\t\t<\/div>\n\t\t\t\t\t\t<\/div>\n\t\t\t\t<\/div>\n\t\t\t\t<\/div>\n\t\t<div class=\"elementor-element elementor-element-398bb694 e-con-full e-flex e-con e-child\" data-id=\"398bb694\" data-element_type=\"container\">\n\t\t\t\t<div class=\"elementor-element elementor-element-50e240d4 elementor-widget elementor-widget-heading\" data-id=\"50e240d4\" data-element_type=\"widget\" data-widget_type=\"heading.default\">\n\t\t\t\t<div class=\"elementor-widget-container\">\n\t\t\t\t\t<h6 class=\"elementor-heading-title elementor-size-default\">\u83dc\u5355<\/h6>\t\t\t\t<\/div>\n\t\t\t\t<\/div>\n\t\t\t\t<div class=\"elementor-element elementor-element-1eef10b9 elementor-nav-menu--dropdown-none elementor-widget elementor-widget-nav-menu\" data-id=\"1eef10b9\" data-element_type=\"widget\" data-settings=\"{&quot;layout&quot;:&quot;vertical&quot;,&quot;submenu_icon&quot;:{&quot;value&quot;:&quot;&lt;svg class=\\&quot;e-font-icon-svg e-fas-caret-down\\&quot; viewBox=\\&quot;0 0 320 512\\&quot; xmlns=\\&quot;http:\\\/\\\/www.w3.org\\\/2000\\\/svg\\&quot;&gt;&lt;path d=\\&quot;M31.3 192h257.3c17.8 0 26.7 21.5 14.1 34.1L174.1 354.8c-7.8 7.8-20.5 7.8-28.3 0L17.2 226.1C4.6 213.5 13.5 192 31.3 192z\\&quot;&gt;&lt;\\\/path&gt;&lt;\\\/svg&gt;&quot;,&quot;library&quot;:&quot;fa-solid&quot;}}\" data-widget_type=\"nav-menu.default\">\n\t\t\t\t<div class=\"elementor-widget-container\">\n\t\t\t\t\t\t\t\t<nav aria-label=\"\u83dc\u5355\" class=\"elementor-nav-menu--main elementor-nav-menu__container elementor-nav-menu--layout-vertical e--pointer-none\">\n\t\t\t\t<ul id=\"menu-1-1eef10b9\" class=\"elementor-nav-menu sm-vertical\"><li class=\"menu-item menu-item-type-post_type menu-item-object-page menu-item-home menu-item-84\"><a href=\"https:\/\/ijegyzokonyv.hu\/zh\/\" class=\"elementor-item\">\u9996\u9875<\/a><\/li>\n<li class=\"menu-item menu-item-type-custom menu-item-object-custom menu-item-has-children menu-item-643\"><a href=\"https:\/\/ijegyzokonyv.hu\/zh\/bemutatkozas\/\" class=\"elementor-item\">\u5173\u4e8e\u6211\u4eec<\/a>\n<ul class=\"sub-menu elementor-nav-menu--dropdown\">\n\t<li class=\"menu-item menu-item-type-post_type menu-item-object-page menu-item-621\"><a href=\"https:\/\/ijegyzokonyv.hu\/zh\/elnokseg\/\" class=\"elementor-sub-item\">\u4e3b\u5e2d\u56e2<\/a><\/li>\n\t<li class=\"menu-item menu-item-type-post_type menu-item-object-page menu-item-620\"><a href=\"https:\/\/ijegyzokonyv.hu\/zh\/bemutatkozas\/\" class=\"elementor-sub-item\">\u5173\u4e8e<\/a><\/li>\n\t<li class=\"menu-item menu-item-type-post_type menu-item-object-page menu-item-592\"><a href=\"https:\/\/ijegyzokonyv.hu\/zh\/mkbt-tortenete\/\" class=\"elementor-sub-item\">MKBT \u7684\u5386\u53f2<\/a><\/li>\n\t<li class=\"menu-item menu-item-type-post_type menu-item-object-page menu-item-622\"><a href=\"https:\/\/ijegyzokonyv.hu\/zh\/mediamegjelenesek\/\" class=\"elementor-sub-item\">\u5a92\u4f53\u62a5\u9053<\/a><\/li>\n<\/ul>\n<\/li>\n<li class=\"menu-item menu-item-type-custom menu-item-object-custom menu-item-has-children menu-item-183\"><a href=\"https:\/\/ijegyzokonyv.hu\/zh\/\" class=\"elementor-item\">\u66f4\u591a\u4fe1\u606f<\/a>\n<ul class=\"sub-menu elementor-nav-menu--dropdown\">\n\t<li class=\"menu-item menu-item-type-post_type menu-item-object-page menu-item-122\"><a href=\"https:\/\/ijegyzokonyv.hu\/zh\/bejegyzesek\/\" class=\"elementor-sub-item\">\u535a\u5ba2<\/a><\/li>\n\t<li class=\"menu-item menu-item-type-post_type menu-item-object-page menu-item-88\"><a href=\"https:\/\/ijegyzokonyv.hu\/zh\/mkbtklub\/\" class=\"elementor-sub-item\">MKBT \u4ff1\u4e50\u90e8<\/a><\/li>\n\t<li class=\"menu-item menu-item-type-taxonomy menu-item-object-category menu-item-271\"><a href=\"https:\/\/ijegyzokonyv.hu\/zh\/category\/esemenyek\/\" class=\"elementor-sub-item\">\u6211\u4eec\u7684\u6d3b\u52a8<\/a><\/li>\n\t<li class=\"menu-item menu-item-type-post_type menu-item-object-page menu-item-91\"><a href=\"https:\/\/ijegyzokonyv.hu\/zh\/szja-1\/\" class=\"elementor-sub-item\">PAYE 1%<\/a><\/li>\n\t<li class=\"menu-item menu-item-type-post_type menu-item-object-page menu-item-92\"><a href=\"https:\/\/ijegyzokonyv.hu\/zh\/legyen-tagunk\/\" class=\"elementor-sub-item\">\u6210\u4e3a\u4f1a\u5458\uff01<\/a><\/li>\n\t<li class=\"menu-item menu-item-type-post_type menu-item-object-page menu-item-93\"><a href=\"https:\/\/ijegyzokonyv.hu\/zh\/partnerek\/\" class=\"elementor-sub-item\">\u5408\u4f5c\u4f19\u4f34<\/a><\/li>\n<\/ul>\n<\/li>\n<li class=\"menu-item menu-item-type-custom menu-item-object-custom menu-item-has-children menu-item-676\"><a href=\"https:\/\/ijegyzokonyv.hu\/zh\/\" class=\"elementor-item\">\u753b\u5eca<\/a>\n<ul class=\"sub-menu elementor-nav-menu--dropdown\">\n\t<li class=\"menu-item menu-item-type-post_type menu-item-object-page menu-item-1082\"><a href=\"https:\/\/ijegyzokonyv.hu\/zh\/elementor-1070\/\" class=\"elementor-sub-item\">2025<\/a><\/li>\n\t<li class=\"menu-item menu-item-type-post_type menu-item-object-page menu-item-677\"><a href=\"https:\/\/ijegyzokonyv.hu\/zh\/2024-2\/\" class=\"elementor-sub-item\">2024<\/a><\/li>\n\t<li class=\"menu-item menu-item-type-post_type menu-item-object-page menu-item-87\"><a href=\"https:\/\/ijegyzokonyv.hu\/zh\/mkbt-kepekben\/\" class=\"elementor-sub-item\">\u6863\u6848<\/a><\/li>\n<\/ul>\n<\/li>\n<li class=\"menu-item menu-item-type-post_type menu-item-object-page menu-item-900\"><a href=\"https:\/\/ijegyzokonyv.hu\/zh\/palyazatok\/\" class=\"elementor-item\">\u5e94\u7528<\/a><\/li>\n<li class=\"menu-item menu-item-type-post_type menu-item-object-page menu-item-85\"><a href=\"https:\/\/ijegyzokonyv.hu\/zh\/kapcsolat\/\" class=\"elementor-item\">\u8054\u7cfb\u65b9\u5f0f<\/a><\/li>\n<\/ul>\t\t\t<\/nav>\n\t\t\t\t\t\t<nav class=\"elementor-nav-menu--dropdown elementor-nav-menu__container\" aria-hidden=\"true\">\n\t\t\t\t<ul id=\"menu-2-1eef10b9\" class=\"elementor-nav-menu sm-vertical\"><li class=\"menu-item menu-item-type-post_type menu-item-object-page menu-item-home menu-item-84\"><a href=\"https:\/\/ijegyzokonyv.hu\/zh\/\" class=\"elementor-item\" tabindex=\"-1\">\u9996\u9875<\/a><\/li>\n<li class=\"menu-item menu-item-type-custom menu-item-object-custom menu-item-has-children menu-item-643\"><a href=\"https:\/\/ijegyzokonyv.hu\/zh\/bemutatkozas\/\" class=\"elementor-item\" tabindex=\"-1\">\u5173\u4e8e\u6211\u4eec<\/a>\n<ul class=\"sub-menu elementor-nav-menu--dropdown\">\n\t<li class=\"menu-item menu-item-type-post_type menu-item-object-page menu-item-621\"><a href=\"https:\/\/ijegyzokonyv.hu\/zh\/elnokseg\/\" class=\"elementor-sub-item\" tabindex=\"-1\">\u4e3b\u5e2d\u56e2<\/a><\/li>\n\t<li class=\"menu-item menu-item-type-post_type menu-item-object-page menu-item-620\"><a href=\"https:\/\/ijegyzokonyv.hu\/zh\/bemutatkozas\/\" class=\"elementor-sub-item\" tabindex=\"-1\">\u5173\u4e8e<\/a><\/li>\n\t<li class=\"menu-item menu-item-type-post_type menu-item-object-page menu-item-592\"><a href=\"https:\/\/ijegyzokonyv.hu\/zh\/mkbt-tortenete\/\" class=\"elementor-sub-item\" tabindex=\"-1\">MKBT \u7684\u5386\u53f2<\/a><\/li>\n\t<li class=\"menu-item menu-item-type-post_type menu-item-object-page menu-item-622\"><a href=\"https:\/\/ijegyzokonyv.hu\/zh\/mediamegjelenesek\/\" class=\"elementor-sub-item\" tabindex=\"-1\">\u5a92\u4f53\u62a5\u9053<\/a><\/li>\n<\/ul>\n<\/li>\n<li class=\"menu-item menu-item-type-custom menu-item-object-custom menu-item-has-children menu-item-183\"><a href=\"https:\/\/ijegyzokonyv.hu\/zh\/\" class=\"elementor-item\" tabindex=\"-1\">\u66f4\u591a\u4fe1\u606f<\/a>\n<ul class=\"sub-menu elementor-nav-menu--dropdown\">\n\t<li class=\"menu-item menu-item-type-post_type menu-item-object-page menu-item-122\"><a href=\"https:\/\/ijegyzokonyv.hu\/zh\/bejegyzesek\/\" class=\"elementor-sub-item\" tabindex=\"-1\">\u535a\u5ba2<\/a><\/li>\n\t<li class=\"menu-item menu-item-type-post_type menu-item-object-page menu-item-88\"><a href=\"https:\/\/ijegyzokonyv.hu\/zh\/mkbtklub\/\" class=\"elementor-sub-item\" tabindex=\"-1\">MKBT \u4ff1\u4e50\u90e8<\/a><\/li>\n\t<li class=\"menu-item menu-item-type-taxonomy menu-item-object-category menu-item-271\"><a href=\"https:\/\/ijegyzokonyv.hu\/zh\/category\/esemenyek\/\" class=\"elementor-sub-item\" tabindex=\"-1\">\u6211\u4eec\u7684\u6d3b\u52a8<\/a><\/li>\n\t<li class=\"menu-item menu-item-type-post_type menu-item-object-page menu-item-91\"><a href=\"https:\/\/ijegyzokonyv.hu\/zh\/szja-1\/\" class=\"elementor-sub-item\" tabindex=\"-1\">PAYE 1%<\/a><\/li>\n\t<li class=\"menu-item menu-item-type-post_type menu-item-object-page menu-item-92\"><a href=\"https:\/\/ijegyzokonyv.hu\/zh\/legyen-tagunk\/\" class=\"elementor-sub-item\" tabindex=\"-1\">\u6210\u4e3a\u4f1a\u5458\uff01<\/a><\/li>\n\t<li class=\"menu-item menu-item-type-post_type menu-item-object-page menu-item-93\"><a href=\"https:\/\/ijegyzokonyv.hu\/zh\/partnerek\/\" class=\"elementor-sub-item\" tabindex=\"-1\">\u5408\u4f5c\u4f19\u4f34<\/a><\/li>\n<\/ul>\n<\/li>\n<li class=\"menu-item menu-item-type-custom menu-item-object-custom menu-item-has-children menu-item-676\"><a href=\"https:\/\/ijegyzokonyv.hu\/zh\/\" class=\"elementor-item\" tabindex=\"-1\">\u753b\u5eca<\/a>\n<ul class=\"sub-menu elementor-nav-menu--dropdown\">\n\t<li class=\"menu-item menu-item-type-post_type menu-item-object-page menu-item-1082\"><a href=\"https:\/\/ijegyzokonyv.hu\/zh\/elementor-1070\/\" class=\"elementor-sub-item\" tabindex=\"-1\">2025<\/a><\/li>\n\t<li class=\"menu-item menu-item-type-post_type menu-item-object-page menu-item-677\"><a href=\"https:\/\/ijegyzokonyv.hu\/zh\/2024-2\/\" class=\"elementor-sub-item\" tabindex=\"-1\">2024<\/a><\/li>\n\t<li class=\"menu-item menu-item-type-post_type menu-item-object-page menu-item-87\"><a href=\"https:\/\/ijegyzokonyv.hu\/zh\/mkbt-kepekben\/\" class=\"elementor-sub-item\" tabindex=\"-1\">\u6863\u6848<\/a><\/li>\n<\/ul>\n<\/li>\n<li class=\"menu-item menu-item-type-post_type menu-item-object-page menu-item-900\"><a href=\"https:\/\/ijegyzokonyv.hu\/zh\/palyazatok\/\" class=\"elementor-item\" tabindex=\"-1\">\u5e94\u7528<\/a><\/li>\n<li class=\"menu-item menu-item-type-post_type menu-item-object-page menu-item-85\"><a href=\"https:\/\/ijegyzokonyv.hu\/zh\/kapcsolat\/\" class=\"elementor-item\" tabindex=\"-1\">\u8054\u7cfb\u65b9\u5f0f<\/a><\/li>\n<\/ul>\t\t\t<\/nav>\n\t\t\t\t\t\t<\/div>\n\t\t\t\t<\/div>\n\t\t\t\t<\/div>\n\t\t\t\t<div class=\"elementor-element elementor-element-12a3f3f9 elementor-widget elementor-widget-wp-widget-pages\" data-id=\"12a3f3f9\" data-element_type=\"widget\" data-widget_type=\"wp-widget-pages.default\">\n\t\t\t\t<div class=\"elementor-widget-container\">\n\t\t\t\t\t<h5>\u9875\u9762<\/h5>\n\t\t\t<ul>\n\t\t\t\t<li class=\"page_item page-item-1070\"><a href=\"https:\/\/ijegyzokonyv.hu\/zh\/elementor-1070\/\">2025<\/a><\/li>\n<li class=\"page_item page-item-540\"><a href=\"https:\/\/ijegyzokonyv.hu\/zh\/adatkezelesi-tajekoztato\/\">\u9690\u79c1\u58f0\u660e<\/a><\/li>\n\t\t\t<\/ul>\n\n\t\t\t\t\t\t\t<\/div>\n\t\t\t\t<\/div>\n\t\t<div class=\"elementor-element elementor-element-79a5c910 e-con-full e-flex e-con e-child\" data-id=\"79a5c910\" data-element_type=\"container\">\n\t\t\t\t<div class=\"elementor-element elementor-element-37773558 elementor-widget elementor-widget-heading\" data-id=\"37773558\" data-element_type=\"widget\" data-widget_type=\"heading.default\">\n\t\t\t\t<div class=\"elementor-widget-container\">\n\t\t\t\t\t<h6 class=\"elementor-heading-title elementor-size-default\">\u8054\u7cfb\u65b9\u5f0f<\/h6>\t\t\t\t<\/div>\n\t\t\t\t<\/div>\n\t\t\t\t<div class=\"elementor-element elementor-element-5832a1fa elementor-icon-list--layout-traditional elementor-list-item-link-full_width elementor-widget elementor-widget-icon-list\" data-id=\"5832a1fa\" data-element_type=\"widget\" data-widget_type=\"icon-list.default\">\n\t\t\t\t<div class=\"elementor-widget-container\">\n\t\t\t\t\t\t\t<ul class=\"elementor-icon-list-items\">\n\t\t\t\t\t\t\t<li class=\"elementor-icon-list-item\">\n\t\t\t\t\t\t\t\t\t\t\t<a href=\"mailto:contact@mysite.com\">\n\n\t\t\t\t\t\t\t\t\t\t\t<span class=\"elementor-icon-list-text\">\u7535\u5b50\u90ae\u4ef6\uff1a info@mkbt.hu<\/span>\n\t\t\t\t\t\t\t\t\t\t\t<\/a>\n\t\t\t\t\t\t\t\t\t<\/li>\n\t\t\t\t\t\t<\/ul>\n\t\t\t\t\t\t<\/div>\n\t\t\t\t<\/div>\n\t\t\t\t<div class=\"elementor-element elementor-element-21418ee4 elementor-widget elementor-widget-text-editor\" data-id=\"21418ee4\" data-element_type=\"widget\" data-widget_type=\"text-editor.default\">\n\t\t\t\t<div class=\"elementor-widget-container\">\n\t\t\t\t\t\t\t\t\t<p>1062 Budapest, Bajza u. 54. (House of Nations)<\/p>\t\t\t\t\t\t\t\t<\/div>\n\t\t\t\t<\/div>\n\t\t\t\t<\/div>\n\t\t\t\t<\/div>\n\t\t<div class=\"elementor-element elementor-element-100b4f41 e-flex e-con-boxed e-con e-parent\" data-id=\"100b4f41\" data-element_type=\"container\">\n\t\t\t\t\t<div class=\"e-con-inner\">\n\t\t\t\t\t<\/div>\n\t\t\t\t<\/div>\n\t\t\t\t<\/div>","protected":false},"excerpt":{"rendered":"<p>A Magyar-K\u00ednai Bar\u00e1ti T\u00e1rsas\u00e1g ad\u00f3sz\u00e1ma: 19718949-1-42 Facebook-f Instagram Youtube Men\u00fc Kapcsolat Email: info@mkbt.hu 1062 Budapest, Bajza u. 54. (Nemzetek H\u00e1za)<\/p>","protected":false},"author":1,"featured_media":0,"parent":0,"menu_order":0,"comment_status":"closed","ping_status":"closed","template":"","meta":{"footnotes":""},"class_list":["post-76","page","type-page","status-publish"],"_links":{"self":[{"href":"https:\/\/ijegyzokonyv.hu\/zh\/wp-json\/wp\/v2\/pages\/76","targetHints":{"allow":["GET"]}}],"collection":[{"href":"https:\/\/ijegyzokonyv.hu\/zh\/wp-json\/wp\/v2\/pages"}],"about":[{"href":"https:\/\/ijegyzokonyv.hu\/zh\/wp-json\/wp\/v2\/types\/page"}],"author":[{"embeddable":true,"href":"https:\/\/ijegyzokonyv.hu\/zh\/wp-json\/wp\/v2\/users\/1"}],"replies":[{"embeddable":true,"href":"https:\/\/ijegyzokonyv.hu\/zh\/wp-json\/wp\/v2\/comments?post=76"}],"version-history":[{"count":16,"href":"https:\/\/ijegyzokonyv.hu\/zh\/wp-json\/wp\/v2\/pages\/76\/revisions"}],"predecessor-version":[{"id":756,"href":"https:\/\/ijegyzokonyv.hu\/zh\/wp-json\/wp\/v2\/pages\/76\/revisions\/756"}],"wp:attachment":[{"href":"https:\/\/ijegyzokonyv.hu\/zh\/wp-json\/wp\/v2\/media?parent=76"}],"curies":[{"name":"wp","href":"https:\/\/api.w.org\/{rel}","templated":true}]}}